{"id":3,"date":"2025-07-02T13:41:47","date_gmt":"2025-07-02T11:41:47","guid":{"rendered":"https:\/\/sils.org.pl\/?page_id=3"},"modified":"2025-07-26T17:25:06","modified_gmt":"2025-07-26T15:25:06","slug":"polityka-prywatnosci","status":"publish","type":"page","link":"https:\/\/sils.org.pl\/?page_id=3","title":{"rendered":"Dane kontaktowe"},"content":{"rendered":"\n<h2 class=\"wp-block-heading\"><\/h2>\n\n\n\n<p>Stowarzyszenie na rzecz Inicjatyw Lokalnych Spo\u0142eczno\u015bci&nbsp;<\/p>\n\n\n\n<p>Ignacego Jana Paderewskiego 27, 63-000 \u015aroda Wielkopolska<\/p>\n\n\n\n<p>NIP:&nbsp;7861682789<\/p>\n\n\n\n<p>REGON:&nbsp;301323279<\/p>\n\n\n\n<p>KRS:\u00a00000347076<\/p>\n\n\n\n<p><br>dane kontaktowe: <\/p>\n\n\n\n<p>J\u0119drzej 510172310<br><a href=\"mailto:janiak@sils.org.pl\" target=\"_blank\" rel=\"noreferrer noopener\">janiak@sils.org.pl<\/a><\/p>\n","protected":false},"excerpt":{"rendered":"<p>Stowarzyszenie na rzecz Inicjatyw Lokalnych Spo\u0142eczno\u015bci&nbsp; Ignacego Jana Paderewskiego 27, 63-000 \u015aroda Wielkopolska NIP:&nbsp;7861682789 REGON:&nbsp;301323279 KRS:\u00a00000347076 dane kontaktowe: J\u0119drzej 510172310janiak@sils.org.pl<\/p>\n","protected":false},"author":1,"featured_media":0,"parent":0,"menu_order":0,"comment_status":"closed","ping_status":"open","template":"","meta":{"footnotes":""},"class_list":["post-3","page","type-page","status-publish","hentry"],"_links":{"self":[{"href":"https:\/\/sils.org.pl\/index.php?rest_route=\/wp\/v2\/pages\/3","targetHints":{"allow":["GET"]}}],"collection":[{"href":"https:\/\/sils.org.pl\/index.php?rest_route=\/wp\/v2\/pages"}],"about":[{"href":"https:\/\/sils.org.pl\/index.php?rest_route=\/wp\/v2\/types\/page"}],"author":[{"embeddable":true,"href":"https:\/\/sils.org.pl\/index.php?rest_route=\/wp\/v2\/users\/1"}],"replies":[{"embeddable":true,"href":"https:\/\/sils.org.pl\/index.php?rest_route=%2Fwp%2Fv2%2Fcomments&post=3"}],"version-history":[{"count":1,"href":"https:\/\/sils.org.pl\/index.php?rest_route=\/wp\/v2\/pages\/3\/revisions"}],"predecessor-version":[{"id":100,"href":"https:\/\/sils.org.pl\/index.php?rest_route=\/wp\/v2\/pages\/3\/revisions\/100"}],"wp:attachment":[{"href":"https:\/\/sils.org.pl\/index.php?rest_route=%2Fwp%2Fv2%2Fmedia&parent=3"}],"curies":[{"name":"wp","href":"https:\/\/api.w.org\/{rel}","templated":true}]}}